{"id":12003,"date":"2019-10-17T10:48:35","date_gmt":"2019-10-17T10:48:35","guid":{"rendered":"https:\/\/transfertaximalaga.com\/?page_id=12003"},"modified":"2024-02-12T08:16:17","modified_gmt":"2024-02-12T08:16:17","slug":"politica-de-cookies","status":"publish","type":"page","link":"https:\/\/transfertaximalaga.com\/es\/politica-de-cookies\/","title":{"rendered":"Politica de Cookies"},"content":{"rendered":"<p>[vc_row css=\u00bb.vc_custom_1567672094494{margin-top: 35px !important;}\u00bb][vc_column][vc_column_text]<\/p>\n<h2>POL\u00cdTICA DE COOKIES<\/h2>\n<p>Una\u00a0<strong><em>cookie<\/em><\/strong>\u00a0es un peque\u00f1o fichero de texto que se almacena en su navegador cuando visita casi cualquier p\u00e1gina web. Su utilidad es que la web sea capaz de recordar su visita cuando vuelva a navegar por esa p\u00e1gina. Las\u00a0cookies\u00a0suelen almacenar informaci\u00f3n de car\u00e1cter t\u00e9cnico, preferencias personales, personalizaci\u00f3n de contenidos, estad\u00edsticas de uso, enlaces a redes sociales, acceso a cuentas de usuario, etc. El objetivo de la\u00a0cookie\u00a0es adaptar el contenido de la web a su perfil y necesidades.<\/p>\n<p>Si desea desactivarlas, debe ir a la configuraci\u00f3n de su navegador y all\u00ed podr\u00e1 buscar las asociadas al dominio en cuesti\u00f3n y proceder a su eliminaci\u00f3n.<br \/>\nCookies utilizadas en este sitio web<br \/>\nSiguiendo las directrices de la Agencia Espa\u00f1ola de Protecci\u00f3n de Datos procedemos a detallar el uso de\u00a0cookies\u00a0que hace esta web con el fin de informarle con la m\u00e1xima exactitud posible.<\/p>\n<p>Este sitio web utiliza las siguientes\u00a0<strong>cookies propias<\/strong>:<\/p>\n<p>\u2022 Cookies de sesi\u00f3n, para garantizar que los usuarios que escriban comentarios en el blog sean humanos y no aplicaciones automatizadas. De esta forma se combate el spam.<\/p>\n<p>Este sitio web utiliza las siguientes\u00a0<strong>cookies de terceros<\/strong>:<\/p>\n<p>\u2022 Google Analytics: Almacena\u00a0cookies\u00a0para poder elaborar estad\u00edsticas sobre el tr\u00e1fico y volumen de visitas de esta web. Al utilizar este sitio web est\u00e1 consintiendo el tratamiento de informaci\u00f3n acerca de usted por Google. Por tanto, el ejercicio de cualquier derecho en este sentido deber\u00e1 hacerlo comunicando directamente con Google.<\/p>\n<p>\u2022 Redes sociales: Cada red social utiliza sus propias\u00a0cookies\u00a0para que usted pueda pinchar en botones del tipo\u00a0Me gusta\u00a0o\u00a0Compartir.<\/p>\n<p>[cookie_audit columns=\u00bbcookie,description\u00bb heading=\u00bbCookies utilizadas en este sitio web\u00bb]<\/p>\n<h3>Notas adicionales<\/h3>\n<p>\u2022 Ni esta web ni sus representantes legales se hacen responsables ni del contenido ni de la veracidad de las pol\u00edticas de privacidad que puedan tener los terceros mencionados en esta pol\u00edtica de\u00a0cookies.<br \/>\n\u2022 Los navegadores web son las herramientas encargadas de almacenar las\u00a0cookies\u00a0y desde este lugar debe efectuar su derecho a eliminaci\u00f3n o desactivaci\u00f3n de las mismas. Ni esta web ni sus representantes legales pueden garantizar la correcta o incorrecta manipulaci\u00f3n de las\u00a0cookies\u00a0por parte de los mencionados navegadores.<br \/>\n\u2022 En algunos casos es necesario instalar\u00a0cookies\u00a0para que el navegador no olvide su decisi\u00f3n de no aceptaci\u00f3n de las mismas.<br \/>\n\u2022 En el caso de las\u00a0cookies\u00a0de Google Analytics, esta empresa almacena las\u00a0cookies\u00a0en servidores ubicados en Estados Unidos y se compromete a no compartirla con terceros, excepto en los casos en los que sea necesario para el funcionamiento del sistema o cuando la ley obligue a tal efecto. Seg\u00fan Google no guarda su direcci\u00f3n IP. Google Inc. es una compa\u00f1\u00eda adherida al Acuerdo de Puerto Seguro que garantiza que todos los datos transferidos ser\u00e1n tratados con un nivel de protecci\u00f3n acorde a la normativa europea.<\/p>\n<p>[user_consent_state][\/vc_column_text][\/vc_column][\/vc_row]<\/p>\n","protected":false},"excerpt":{"rendered":"<p>[vc_row css=\u00bb.vc_custom_1567672094494{margin-top: 35px !important;}\u00bb][vc_column][vc_column_text] POL\u00cdTICA DE COOKIES Una\u00a0cookie\u00a0es un peque\u00f1o fichero de texto que se almacena en su navegador cuando visita casi cualquier p\u00e1gina web. Su utilidad es que la web sea capaz de recordar su visita cuando vuelva a navegar por esa p\u00e1gina. Las\u00a0cookies\u00a0suelen almacenar informaci\u00f3n de car\u00e1cter t\u00e9cnico, preferencias personales, personalizaci\u00f3n de contenidos, [&hellip;]<\/p>\n","protected":false},"author":1,"featured_media":0,"parent":0,"menu_order":0,"comment_status":"closed","ping_status":"closed","template":"","meta":[],"yoast_head":"<!-- This site is optimized with the Yoast SEO plugin v19.13 - https:\/\/yoast.com\/wordpress\/plugins\/seo\/ -->\n<title>Politica de Cookies - Malaga Airport Transfer<\/title>\n<meta name=\"robots\" content=\"index, follow, max-snippet:-1, max-image-preview:large, max-video-preview:-1\" \/>\n<link rel=\"canonical\" href=\"https:\/\/transfertaximalaga.com\/es\/politica-de-cookies\/\" \/>\n<meta property=\"og:locale\" content=\"es_ES\" \/>\n<meta property=\"og:type\" content=\"article\" \/>\n<meta property=\"og:title\" content=\"Politica de Cookies - Malaga Airport Transfer\" \/>\n<meta property=\"og:description\" content=\"[vc_row css=\u00bb.vc_custom_1567672094494{margin-top: 35px !important;}\u00bb][vc_column][vc_column_text] POL\u00cdTICA DE COOKIES Una\u00a0cookie\u00a0es un peque\u00f1o fichero de texto que se almacena en su navegador cuando visita casi cualquier p\u00e1gina web. Su utilidad es que la web sea capaz de recordar su visita cuando vuelva a navegar por esa p\u00e1gina. Las\u00a0cookies\u00a0suelen almacenar informaci\u00f3n de car\u00e1cter t\u00e9cnico, preferencias personales, personalizaci\u00f3n de contenidos, [&hellip;]\" \/>\n<meta property=\"og:url\" content=\"https:\/\/transfertaximalaga.com\/es\/politica-de-cookies\/\" \/>\n<meta property=\"og:site_name\" content=\"Malaga Airport Transfer\" \/>\n<meta property=\"article:modified_time\" content=\"2024-02-12T08:16:17+00:00\" \/>\n<meta name=\"twitter:card\" content=\"summary_large_image\" \/>\n<meta name=\"twitter:label1\" content=\"Tiempo de lectura\" \/>\n\t<meta name=\"twitter:data1\" content=\"3 minutos\" \/>\n<script type=\"application\/ld+json\" class=\"yoast-schema-graph\">{\"@context\":\"https:\/\/schema.org\",\"@graph\":[{\"@type\":\"WebPage\",\"@id\":\"https:\/\/transfertaximalaga.com\/es\/politica-de-cookies\/\",\"url\":\"https:\/\/transfertaximalaga.com\/es\/politica-de-cookies\/\",\"name\":\"Politica de Cookies - Malaga Airport Transfer\",\"isPartOf\":{\"@id\":\"https:\/\/transfertaximalaga.com\/#website\"},\"datePublished\":\"2019-10-17T10:48:35+00:00\",\"dateModified\":\"2024-02-12T08:16:17+00:00\",\"breadcrumb\":{\"@id\":\"https:\/\/transfertaximalaga.com\/es\/politica-de-cookies\/#breadcrumb\"},\"inLanguage\":\"es\",\"potentialAction\":[{\"@type\":\"ReadAction\",\"target\":[\"https:\/\/transfertaximalaga.com\/es\/politica-de-cookies\/\"]}]},{\"@type\":\"BreadcrumbList\",\"@id\":\"https:\/\/transfertaximalaga.com\/es\/politica-de-cookies\/#breadcrumb\",\"itemListElement\":[{\"@type\":\"ListItem\",\"position\":1,\"name\":\"Portada\",\"item\":\"https:\/\/transfertaximalaga.com\/es\/\"},{\"@type\":\"ListItem\",\"position\":2,\"name\":\"Politica de Cookies\"}]},{\"@type\":\"WebSite\",\"@id\":\"https:\/\/transfertaximalaga.com\/#website\",\"url\":\"https:\/\/transfertaximalaga.com\/\",\"name\":\"Malaga Airport Transfer\",\"description\":\"Airport Taxis\",\"publisher\":{\"@id\":\"https:\/\/transfertaximalaga.com\/#organization\"},\"potentialAction\":[{\"@type\":\"SearchAction\",\"target\":{\"@type\":\"EntryPoint\",\"urlTemplate\":\"https:\/\/transfertaximalaga.com\/?s={search_term_string}\"},\"query-input\":\"required name=search_term_string\"}],\"inLanguage\":\"es\"},{\"@type\":\"Organization\",\"@id\":\"https:\/\/transfertaximalaga.com\/#organization\",\"name\":\"Transfer Taxi M\u00e1laga\",\"url\":\"https:\/\/transfertaximalaga.com\/\",\"logo\":{\"@type\":\"ImageObject\",\"inLanguage\":\"es\",\"@id\":\"https:\/\/transfertaximalaga.com\/#\/schema\/logo\/image\/\",\"url\":\"https:\/\/transfertaximalaga.com\/wp-content\/uploads\/2020\/03\/Logo-TTM-naranja-sm.png\",\"contentUrl\":\"https:\/\/transfertaximalaga.com\/wp-content\/uploads\/2020\/03\/Logo-TTM-naranja-sm.png\",\"width\":150,\"height\":75,\"caption\":\"Transfer Taxi M\u00e1laga\"},\"image\":{\"@id\":\"https:\/\/transfertaximalaga.com\/#\/schema\/logo\/image\/\"}}]}<\/script>\n<!-- \/ Yoast SEO plugin. -->","yoast_head_json":{"title":"Politica de Cookies - Malaga Airport Transfer","robots":{"index":"index","follow":"follow","max-snippet":"max-snippet:-1","max-image-preview":"max-image-preview:large","max-video-preview":"max-video-preview:-1"},"canonical":"https:\/\/transfertaximalaga.com\/es\/politica-de-cookies\/","og_locale":"es_ES","og_type":"article","og_title":"Politica de Cookies - Malaga Airport Transfer","og_description":"[vc_row css=\u00bb.vc_custom_1567672094494{margin-top: 35px !important;}\u00bb][vc_column][vc_column_text] POL\u00cdTICA DE COOKIES Una\u00a0cookie\u00a0es un peque\u00f1o fichero de texto que se almacena en su navegador cuando visita casi cualquier p\u00e1gina web. Su utilidad es que la web sea capaz de recordar su visita cuando vuelva a navegar por esa p\u00e1gina. Las\u00a0cookies\u00a0suelen almacenar informaci\u00f3n de car\u00e1cter t\u00e9cnico, preferencias personales, personalizaci\u00f3n de contenidos, [&hellip;]","og_url":"https:\/\/transfertaximalaga.com\/es\/politica-de-cookies\/","og_site_name":"Malaga Airport Transfer","article_modified_time":"2024-02-12T08:16:17+00:00","twitter_card":"summary_large_image","twitter_misc":{"Tiempo de lectura":"3 minutos"},"schema":{"@context":"https:\/\/schema.org","@graph":[{"@type":"WebPage","@id":"https:\/\/transfertaximalaga.com\/es\/politica-de-cookies\/","url":"https:\/\/transfertaximalaga.com\/es\/politica-de-cookies\/","name":"Politica de Cookies - Malaga Airport Transfer","isPartOf":{"@id":"https:\/\/transfertaximalaga.com\/#website"},"datePublished":"2019-10-17T10:48:35+00:00","dateModified":"2024-02-12T08:16:17+00:00","breadcrumb":{"@id":"https:\/\/transfertaximalaga.com\/es\/politica-de-cookies\/#breadcrumb"},"inLanguage":"es","potentialAction":[{"@type":"ReadAction","target":["https:\/\/transfertaximalaga.com\/es\/politica-de-cookies\/"]}]},{"@type":"BreadcrumbList","@id":"https:\/\/transfertaximalaga.com\/es\/politica-de-cookies\/#breadcrumb","itemListElement":[{"@type":"ListItem","position":1,"name":"Portada","item":"https:\/\/transfertaximalaga.com\/es\/"},{"@type":"ListItem","position":2,"name":"Politica de Cookies"}]},{"@type":"WebSite","@id":"https:\/\/transfertaximalaga.com\/#website","url":"https:\/\/transfertaximalaga.com\/","name":"Malaga Airport Transfer","description":"Airport Taxis","publisher":{"@id":"https:\/\/transfertaximalaga.com\/#organization"},"potentialAction":[{"@type":"SearchAction","target":{"@type":"EntryPoint","urlTemplate":"https:\/\/transfertaximalaga.com\/?s={search_term_string}"},"query-input":"required name=search_term_string"}],"inLanguage":"es"},{"@type":"Organization","@id":"https:\/\/transfertaximalaga.com\/#organization","name":"Transfer Taxi M\u00e1laga","url":"https:\/\/transfertaximalaga.com\/","logo":{"@type":"ImageObject","inLanguage":"es","@id":"https:\/\/transfertaximalaga.com\/#\/schema\/logo\/image\/","url":"https:\/\/transfertaximalaga.com\/wp-content\/uploads\/2020\/03\/Logo-TTM-naranja-sm.png","contentUrl":"https:\/\/transfertaximalaga.com\/wp-content\/uploads\/2020\/03\/Logo-TTM-naranja-sm.png","width":150,"height":75,"caption":"Transfer Taxi M\u00e1laga"},"image":{"@id":"https:\/\/transfertaximalaga.com\/#\/schema\/logo\/image\/"}}]}},"_links":{"self":[{"href":"https:\/\/transfertaximalaga.com\/es\/wp-json\/wp\/v2\/pages\/12003"}],"collection":[{"href":"https:\/\/transfertaximalaga.com\/es\/wp-json\/wp\/v2\/pages"}],"about":[{"href":"https:\/\/transfertaximalaga.com\/es\/wp-json\/wp\/v2\/types\/page"}],"author":[{"embeddable":true,"href":"https:\/\/transfertaximalaga.com\/es\/wp-json\/wp\/v2\/users\/1"}],"replies":[{"embeddable":true,"href":"https:\/\/transfertaximalaga.com\/es\/wp-json\/wp\/v2\/comments?post=12003"}],"version-history":[{"count":7,"href":"https:\/\/transfertaximalaga.com\/es\/wp-json\/wp\/v2\/pages\/12003\/revisions"}],"predecessor-version":[{"id":14067,"href":"https:\/\/transfertaximalaga.com\/es\/wp-json\/wp\/v2\/pages\/12003\/revisions\/14067"}],"wp:attachment":[{"href":"https:\/\/transfertaximalaga.com\/es\/wp-json\/wp\/v2\/media?parent=12003"}],"curies":[{"name":"wp","href":"https:\/\/api.w.org\/{rel}","templated":true}]}}