{"id":12009,"date":"2019-10-17T10:53:32","date_gmt":"2019-10-17T10:53:32","guid":{"rendered":"https:\/\/transfertaximalaga.com\/?page_id=12009"},"modified":"2024-02-12T08:24:07","modified_gmt":"2024-02-12T08:24:07","slug":"aviso-legal","status":"publish","type":"page","link":"https:\/\/transfertaximalaga.com\/es\/aviso-legal\/","title":{"rendered":"Aviso Legal"},"content":{"rendered":"<p>[vc_row css=\u00bb.vc_custom_1567672094494{margin-top: 35px !important;}\u00bb][vc_column][vc_column_text]El presente documento tiene como finalidad el establecer y regular las normas de uso de este portal web , entendiendo por \u00e9ste todas las p\u00e1ginas y sus contenidos propiedad de Antonio Suarez Reina a las cuales se accede a trav\u00e9s del dominio www.transfertaximalaga.com. La utilizaci\u00f3n del portal web atribuye la condici\u00f3n de usuario del mismo e implica la aceptaci\u00f3n de todas las condiciones incluidas en el presente Aviso Legal. El usuario se compromete a leer atentamente el presente Aviso Legal en cada una de las ocasiones en que se proponga utilizar nuestro portal web ya que \u00e9ste y sus condiciones de uso recogidas en el presente Aviso Legal pueden sufrir modificaciones.<\/p>\n<p><b>DATOS IDENTIFICATIVOS<\/b><\/p>\n<p>En cumplimiento con el deber de informaci\u00f3n recogido en art\u00edculo 10 de la Ley 34\/2002, de 11 de julio, de Servicios de la Sociedad de la Informaci\u00f3n y del Comercio Electr\u00f3nico, a continuaci\u00f3n se reflejan los siguientes datos:<\/p>\n<p>El titular del presente Sitio es:<\/p>\n<p>Raz\u00f3n social: Antonio Suarez Reina<br \/>\nNIF\/CIF: 25099335X<br \/>\nDomicilio: calle velero n\u00famero 20 urbanizaci\u00f3n Retamar<br \/>\nAlhaur\u00edn de la Torre (29130), M\u00e1laga, Espa\u00f1a<br \/>\nTel\u00e9fono: 695 690 100<br \/>\nCorreo electr\u00f3nico: info@transfertaximalaga.com<br \/>\nNombre del dominio: www.transfertaximalaga.com<\/p>\n<p><b>USUARIOS:<\/b><\/p>\n<p>El acceso y\/o uso de este portal www.transfertaximalaga.com atribuye la condici\u00f3n de USUARIO, que acepta, desde dicho acceso y\/o uso, las Condiciones Generales de Uso aqu\u00ed reflejadas. Las citadas Condiciones ser\u00e1n de aplicaci\u00f3n independientemente de las Condiciones Generales de Contrataci\u00f3n que en su caso resulten de obligado cumplimiento.<\/p>\n<p><b>USO DEL PORTAL:<br \/>\n<\/b>www.transfertaximalaga.com proporciona el acceso a diversas informaciones sobre nuestra entidad, productos, modelos, servicios, apartados de contacto, posibles enlaces a redes sociales (en adelante, \u201clos contenidos\u201d) en internet pertenecientes a Antonio Suarez Reina o a sus licenciantes a los que el usuario pueda tener acceso. El usuario asume la responsabilidad del<br \/>\nuso del portal.<\/p>\n<p>Dicha responsabilidad se extiende al registro que fuese necesario para acceder a determinados servicios o contenidos, formalizar operaciones de compraventas, transacciones, contrataci\u00f3n o bien para posibilitar la respuesta en relaci\u00f3n a sus consultas en los apartados de contacto de la presente p\u00e1gina web, etc. En dicho registro el usuario ser\u00e1 responsable de aportar informaci\u00f3n veraz y l\u00edcita. transfertaximalaga por s\u00ed o como cesionaria, es titular de todos los derechos de propiedad intelectual e industrial de su p\u00e1gina web, as\u00ed como de los elementos contenidos en la misma (a t\u00edtulo enunciativo, im\u00e1genes, sonido, audio, v\u00eddeo, software o textos; marcas o logotipos, combinaciones de colores, estructura y dise\u00f1o, selecci\u00f3n de materiales usados, programas de ordenador necesarios para su funcionamiento, acceso y uso, etc.), titularidad de transfertaximalaga todos los derechos reservados.<\/p>\n<p>En virtud de lo dispuesto en los art\u00edculos 8 y 32.1, p\u00e1rrafo segundo, de la Ley de Propiedad Intelectual, quedan expresamente prohibidas la reproducci\u00f3n, la distribuci\u00f3n y la comunicaci\u00f3n p\u00fablica, incluida su modalidad de puesta a disposici\u00f3n, de la totalidad o parte de los contenidos de esta p\u00e1gina web, con fines comerciales, en cualquier soporte y por cualquier medio t\u00e9cnico, sin la autorizaci\u00f3n de transfertaximalaga. El usuario se compromete a respetar los derechos de Propiedad Intelectual e Industrial titularidad de transfertaximalaga. La utilizaci\u00f3n no autorizada de la informaci\u00f3n contenida en este Sitio, as\u00ed como los perjuicios ocasionados en los derechos de propiedad intelectual e industrial de transfertaximalaga pueden dar lugar al ejercicio de las acciones que legalmente correspondan y, si procede, a las responsabilidades que de dicho ejercicio se deriven.<\/p>\n<p><b>EXCLUSI\u00d3N DE GARANT\u00cdAS Y RESPONSABILIDAD:<br \/>\n<\/b>transfertaximalaga no se hace responsable, en ning\u00fan caso, de los da\u00f1os y perjuicios de cualquier naturaleza que pudieran ocasionar, a t\u00edtulo enunciativo: errores u omisiones en los contenidos, falta de disponibilidad del portal o la transmisi\u00f3n de virus o programas maliciosos o lesivos en los contenidos, a pesar de haber adoptado todas las medidas tecnol\u00f3gicas necesarias para<br \/>\nevitarlo.<\/p>\n<p>El contenido, informaci\u00f3n y\/o consejos expresados en este portal web deben entenderse como simplemente orientativos. transfertaximalaga no responde de ninguna forma de la efectividad o exactitud de los mismos, quedando exenta de cualquier responsabilidad con los usuarios que haga uso de ellos, ya que son \u00e9stas las que deber\u00e1n decidir seg\u00fan su criterio la oportunidad de los mismos. En este Sitio se pueden publicar contenidos y comentarios aportados por terceras personas. transfertaximalaga no responde de la veracidad y exactitud de los mismos, quedando exenta de cualquier responsabilidad con los usuarios que hagan uso de ellos.<\/p>\n<p>transfertaximalaga se reserva el derecho de modificar el contenido del Sitio sin previo aviso y sin ning\u00fan tipo de limitaci\u00f3n. As\u00ed mismo la empresa declina cualquier responsabilidad por los eventuales da\u00f1os y perjuicios que puedan ocasionarse por la falta de disponibilidad y\/o continuidad de este Sitio y de los servicios que se ofrecen en \u00e9l. As\u00ed mismo, tampoco podemos garantizar la ausencia de virus ni de otros elementos en la Web que puedan producir alteraciones en su sistema inform\u00e1tico .<\/p>\n<p>transfertaximalaga declina cualquier responsabilidad por los servicios y\/o informaci\u00f3n que se preste en otros sitios enlazados con este, ya que no controla ni ejerce ning\u00fan tipo de supervisi\u00f3n en Sitios Webs de terceros. Aconsejamos a los usuarios de los mismos a actuar con prudencia y consultar las eventuales condiciones legales que se expongan en dichas Webs. As\u00ed mismo los Usuarios que remitan cualquier tipo de informaci\u00f3n a transfertaximalaga se comprometen a que la misma sea veraz y que no vulnere cualquier derecho de terceros ni la legalidad vigente.<\/p>\n<p>Si ud. cree que cualquier contenido y\/o informaci\u00f3n de este Sitio vulnera un derecho leg\u00edtimo o la legalidad vigente le agradecer\u00edamos que se pusiera en contacto con transfertaximalaga para que podamos tomar las medidas oportunas.<\/p>\n<p><b>MODIFICACIONES:<br \/>\n<\/b>transfertaximalaga se reserva el derecho de efectuar sin previo aviso las modificaciones que considere oportunas en su portal, pudiendo cambiar, suprimir o a\u00f1adir tanto los contenidos y servicios que se presten a trav\u00e9s de la misma como la forma en la que \u00e9stos aparezcan presentados o localizados en su portal.<\/p>\n<p><b>DERECHO DE EXCLUSI\u00d3N:<br \/>\n<\/b>transfertaximalaga se reserva el derecho a denegar o retirar el acceso a portal y\/o los servicios ofrecidos sin necesidad de preaviso, a instancia propia o de un tercero, a aquellos usuarios que incumplan las presentes Condiciones Generales de Uso.<\/p>\n<p>GENERALIDADES:<br \/>\ntransfertaximalaga perseguir\u00e1 el incumplimiento de las presentes condiciones as\u00ed como cualquier utilizaci\u00f3n indebida de su portal ejerciendo todas las acciones civiles y penales que le puedan corresponder en derecho.<\/p>\n<p><b>LEGISLACI\u00d3N APLICABLE<br \/>\n<\/b>El presente Aviso Legal se rige en todos y cada uno de sus extremos por la legislaci\u00f3n espa\u00f1ola.<\/p>\n<p><b>LEGISLACI\u00d3N APLICABLE Y JURISDICCI\u00d3N:<br \/>\n<\/b>La relaci\u00f3n entre transfertaximalaga y el usuario se regir\u00e1 por la normativa espa\u00f1ola vigente y cualquier controversia se someter\u00e1 a los Juzgados y tribunales de la ciudad de Alhaur\u00edn de la Torre(M\u00e1laga).<\/p>\n<h3><strong>Informaci\u00f3n adicional sobre nuestra pol\u00edtica de protecci\u00f3n de datos<\/strong><\/h3>\n<p><strong>\u00bfCon qu\u00e9 finalidad tratamos sus datos personales?<\/strong><\/p>\n<p>\u2013 Cumplir con el deber de informaci\u00f3n y\/o obtenci\u00f3n de consentimientos requeridos por la nueva normativa europea de protecci\u00f3n de datos de car\u00e1cter personal, o cualquier otra obligaci\u00f3n legalmente establecida.<\/p>\n<p>\u2013 Gestionar las consultas, peticiones de informaci\u00f3n, presupuestos, solicitudes, dando respuesta y contestaci\u00f3n a las mismas.<\/p>\n<p>\u2013 Gestionar la propia prestaci\u00f3n de servicios, pedidos o productos relacionados con nuestra actividad mercantil y econ\u00f3mica.<\/p>\n<p>\u2013 En el caso de que nos remita su curriculum o se inscriba en las diferentes ofertas de trabajo que podamos publicar, trataremos sus datos con el fin de valorar y gestionar su solicitud de empleo y en su caso, llevar a cabo las actuaciones necesarias para la selecci\u00f3n y contrataci\u00f3n de personal, a fin de ofrecer puestos que se ajusten a tu perfil. Salvo que se indique lo contrario, la aportaci\u00f3n de los datos requeridos es necesaria, por lo que su no aportaci\u00f3n impedir\u00e1 la continuidad del proceso de selecci\u00f3n.<\/p>\n<p>\u2013 S\u00f3lo en el caso de que usted lo haya consentido expresamente de forma previa, tambi\u00e9n trataremos sus datos para el env\u00edo de comunicaciones comerciales de nuestros productos o servicios, salvo que usted manifieste su voluntad en contra por cualquier medio. En cualquier caso, la autorizaci\u00f3n para tratar sus datos con este fin es voluntaria y su negativa s\u00f3lo tendr\u00eda como consecuencia el hecho de que usted no recibir\u00eda ofertas comerciales de nuestros productos o servicios.<\/p>\n<p><strong>\u00bfDurante cu\u00e1nto tiempo trataremos sus datos?<\/strong><\/p>\n<p>Los datos personales que nos proporcione ser\u00e1n conservados mientras se mantenga la relaci\u00f3n contractual \/ mercantil vigente, o bien durante un plazo de cuatro a\u00f1os a partir de la \u00faltima relaci\u00f3n negocial siguiendo la normativa a efectos fiscales.<\/p>\n<p>No obstante, s\u00f3lo en el caso de que nos hayas dado el consentimiento para comunicaciones comerciales, nuestra entidad seguir\u00e1 conservando su informaci\u00f3n para el env\u00edo de dichas comunicaciones de car\u00e1cter comercial que consideremos sea de su inter\u00e9s, mientras no se solicite su supresi\u00f3n por el interesado. Posteriormente, los datos ser\u00e1n suprimidos conforme a lo dispuesto en la normativa de protecci\u00f3n de datos lo que implica su bloqueo, estando disponibles tan solo a solicitud de Jueces y tribunales, el Ministerio Fiscal o las Administraciones P\u00fablicas competentes durante el plazo de prescripci\u00f3n de las acciones que pudieran derivar y, transcurrido \u00e9ste, su completa eliminaci\u00f3n. Siempre podr\u00e1 ejercitar los derechos que le reconoce la normativa vigente poni\u00e9ndose en contacto a trav\u00e9s de la v\u00eda que le sea m\u00e1s c\u00f3moda.<\/p>\n<p><strong>\u00bfPor qu\u00e9 tratamos sus datos?<\/strong><\/p>\n<p>La base legal para tratar sus datos personales, puede variar seg\u00fan las finalidades anteriores, entre las que se encuentran:<\/p>\n<p>1.La aplicaci\u00f3n de medidas precontractuales, o la propia relaci\u00f3n contractual para la prestaci\u00f3n del servicio solicitado en base a la ejecuci\u00f3n del contrato de servicios necesario para la realizaci\u00f3n de la operaci\u00f3n negocial.<\/p>\n<p>2.Su consentimiento expreso como propio y principal interesado, para por ejemplo posibles comunicaciones comerciales o para la recogida y tratamiento de curr\u00edculum en posibles procesos de selecci\u00f3n de la entidad.<\/p>\n<p>3.Inter\u00e9s leg\u00edtimo de la entidad para atender a los requerimientos de informaci\u00f3n, fidelizaci\u00f3n de clientes, resoluci\u00f3n de consultas y mejorar la calidad de nuestros productos y servicios para atenderle de manera m\u00e1s personalizada.<\/p>\n<p><strong>\u00a0\u00bfA qu\u00e9 destinatarios se comunicar\u00e1n sus datos?<\/strong><\/p>\n<p>Por regla general no se comunicar\u00e1n sus datos a ning\u00fan tercero, salvo obligaciones legales vigentes. En todo caso que cambie esta posibilidad se le informar\u00e1 debidamente solicitando su consentimiento para dicha cesi\u00f3n. Le informamos que tampoco se realizar\u00e1n transferencias internacionales.<\/p>\n<p>No obstante, le informamos que para la correcta prestaci\u00f3n de los servicios (v\u00e9ase, alojamiento web, soporte, email marketing, etc.), distintos prestadores de servicios contratados por nuestra entidad (encargados del tratamiento) podr\u00edan tener acceso a la informaci\u00f3n personal necesaria para realizar sus funciones y con el \u00fanico objetivo de garantizar el correcto desarrollo de la relaci\u00f3n contractual y\/o comercial y dar cumplimiento a obligaciones legales de la entidad.<\/p>\n<p>Estos servicios prestados por terceros son necesarios para el desarrollo de nuestra actividad y, en todo momento, el tratamiento de los datos que lleven a cabo se rige por un contrato que vincula al encargado respecto a nuestra entidad. En ning\u00fan caso utilizar\u00e1n la informaci\u00f3n para otros fines y la tratar\u00e1n de conformidad con las directrices estipuladas por nuestra entidad, acordes a su pol\u00edtica de privacidad y a la normativa vigente en materia de protecci\u00f3n de datos.<\/p>\n<p>Nuestra entidad en su compromiso con la privacidad y protecci\u00f3n de datos del Usuario, elegir\u00e1 \u00fanicamente prestadores de servicio que ofrezcan las garant\u00edas suficientes para aplicar medidas t\u00e9cnicas y organizativas apropiadas, de manera que el tratamiento sea conforme la legislaci\u00f3n aplicable en materia de protecci\u00f3n de datos y garanticen la protecci\u00f3n de los derechos del Usuario.<\/p>\n<p><strong>\u00a0\u00bfCu\u00e1les son sus derechos cuando nos facilita sus datos?<\/strong><\/p>\n<p>Cualquier persona tiene derecho a obtener confirmaci\u00f3n sobre si estamos tratando datos personales que les conciernan o no. En este sentido, usted tiene derecho a solicitar:<\/p>\n<p>Acceso: el interesado tendr\u00e1 derecho a obtener del responsable del tratamiento confirmaci\u00f3n de si se est\u00e1n tratando o no los datos que le conciernan, as\u00ed como informaci\u00f3n detallada acerca de determinados aspectos del tratamiento que se est\u00e9 llevando a cabo.<\/p>\n<p>Rectificaci\u00f3n: el interesado tendr\u00e1 derecho a obtener la rectificaci\u00f3n de los datos personales inexactos que le concierne o que se completen aquellos que fueran incompletos.<\/p>\n<p>Supresi\u00f3n: el interesado tendr\u00e1 derecho a solicitar la supresi\u00f3n de sus datos personales, en todo caso la supresi\u00f3n estar\u00e1 sujeta a los l\u00edmites establecidos en la norma reguladora.<\/p>\n<p>Limitaci\u00f3n de su tratamiento: el interesado tendr\u00e1 derecho a solicitar la limitaci\u00f3n respecto al tratamiento de sus datos de car\u00e1cter personal<\/p>\n<p>Oposici\u00f3n al tratamiento: en determinadas circunstancias\u00a0 y por motivos relacionados con su situaci\u00f3n particular, los interesados podr\u00e1n oponerse al tratamiento de sus datos. La entidad dejar\u00e1 de tratar los datos, salvo por motivos leg\u00edtimos, imperiosos, o el ejercicio o la defensa de posibles reclamaciones.<\/p>\n<p>Derecho a la portabilidad de sus datos: es decir, tendr\u00e1 derecho a recibir los datos personales que le incumban, que haya facilitado a un responsable del tratamiento, en un formato estructurado, de uso com\u00fan y lectura mec\u00e1nica y a transmitirlos a otro responsable del tratamiento.<\/p>\n<p>Podr\u00e1 ejercer los referidos derechos, dirigi\u00e9ndose al responsable. Para ello, puede utilizar los datos de contacto facilitados al inicio del presente documento. Si desea obtener informaci\u00f3n adicional respecto al ejercicio de sus derechos, tambi\u00e9n puede dirigirse a la Agencia Espa\u00f1ola de Protecci\u00f3n de Datos.<\/p>\n<p>Asimismo, le informamos que si lo cree oportuno tiene el derecho a retirar, en cualquier momento el consentimiento otorgado para alguna finalidad espec\u00edfica, sin que ello afecte a la licitud del tratamiento, basado en el consentimiento previo a su retirada. En caso que entendiera que no se han atendido adecuadamente sus derechos, podr\u00e1 presentar una reclamaci\u00f3n ante la Agencia Espa\u00f1ola de Protecci\u00f3n de Datos. C\/ Jorge Juan, 6. 28001 \u2013 Madrid. www.agpd.es.[\/vc_column_text][\/vc_column][\/vc_row]<\/p>\n","protected":false},"excerpt":{"rendered":"<p>[vc_row css=\u00bb.vc_custom_1567672094494{margin-top: 35px !important;}\u00bb][vc_column][vc_column_text]El presente documento tiene como finalidad el establecer y regular las normas de uso de este portal web , entendiendo por \u00e9ste todas las p\u00e1ginas y sus contenidos propiedad de Antonio Suarez Reina a las cuales se accede a trav\u00e9s del dominio www.transfertaximalaga.com. La utilizaci\u00f3n del portal web atribuye la condici\u00f3n de [&hellip;]<\/p>\n","protected":false},"author":1,"featured_media":0,"parent":0,"menu_order":0,"comment_status":"closed","ping_status":"closed","template":"","meta":[],"yoast_head":"<!-- This site is optimized with the Yoast SEO plugin v19.13 - https:\/\/yoast.com\/wordpress\/plugins\/seo\/ -->\n<title>Aviso Legal - Malaga Airport Transfer<\/title>\n<meta name=\"robots\" content=\"index, follow, max-snippet:-1, max-image-preview:large, max-video-preview:-1\" \/>\n<link rel=\"canonical\" href=\"https:\/\/transfertaximalaga.com\/es\/aviso-legal\/\" \/>\n<meta property=\"og:locale\" content=\"es_ES\" \/>\n<meta property=\"og:type\" content=\"article\" \/>\n<meta property=\"og:title\" content=\"Aviso Legal - Malaga Airport Transfer\" \/>\n<meta property=\"og:description\" content=\"[vc_row css=\u00bb.vc_custom_1567672094494{margin-top: 35px !important;}\u00bb][vc_column][vc_column_text]El presente documento tiene como finalidad el establecer y regular las normas de uso de este portal web , entendiendo por \u00e9ste todas las p\u00e1ginas y sus contenidos propiedad de Antonio Suarez Reina a las cuales se accede a trav\u00e9s del dominio www.transfertaximalaga.com. La utilizaci\u00f3n del portal web atribuye la condici\u00f3n de [&hellip;]\" \/>\n<meta property=\"og:url\" content=\"https:\/\/transfertaximalaga.com\/es\/aviso-legal\/\" \/>\n<meta property=\"og:site_name\" content=\"Malaga Airport Transfer\" \/>\n<meta property=\"article:modified_time\" content=\"2024-02-12T08:24:07+00:00\" \/>\n<meta name=\"twitter:card\" content=\"summary_large_image\" \/>\n<meta name=\"twitter:label1\" content=\"Tiempo de lectura\" \/>\n\t<meta name=\"twitter:data1\" content=\"10 minutos\" \/>\n<script type=\"application\/ld+json\" class=\"yoast-schema-graph\">{\"@context\":\"https:\/\/schema.org\",\"@graph\":[{\"@type\":\"WebPage\",\"@id\":\"https:\/\/transfertaximalaga.com\/es\/aviso-legal\/\",\"url\":\"https:\/\/transfertaximalaga.com\/es\/aviso-legal\/\",\"name\":\"Aviso Legal - Malaga Airport Transfer\",\"isPartOf\":{\"@id\":\"https:\/\/transfertaximalaga.com\/#website\"},\"datePublished\":\"2019-10-17T10:53:32+00:00\",\"dateModified\":\"2024-02-12T08:24:07+00:00\",\"breadcrumb\":{\"@id\":\"https:\/\/transfertaximalaga.com\/es\/aviso-legal\/#breadcrumb\"},\"inLanguage\":\"es\",\"potentialAction\":[{\"@type\":\"ReadAction\",\"target\":[\"https:\/\/transfertaximalaga.com\/es\/aviso-legal\/\"]}]},{\"@type\":\"BreadcrumbList\",\"@id\":\"https:\/\/transfertaximalaga.com\/es\/aviso-legal\/#breadcrumb\",\"itemListElement\":[{\"@type\":\"ListItem\",\"position\":1,\"name\":\"Portada\",\"item\":\"https:\/\/transfertaximalaga.com\/es\/\"},{\"@type\":\"ListItem\",\"position\":2,\"name\":\"Aviso Legal\"}]},{\"@type\":\"WebSite\",\"@id\":\"https:\/\/transfertaximalaga.com\/#website\",\"url\":\"https:\/\/transfertaximalaga.com\/\",\"name\":\"Malaga Airport Transfer\",\"description\":\"Airport Taxis\",\"publisher\":{\"@id\":\"https:\/\/transfertaximalaga.com\/#organization\"},\"potentialAction\":[{\"@type\":\"SearchAction\",\"target\":{\"@type\":\"EntryPoint\",\"urlTemplate\":\"https:\/\/transfertaximalaga.com\/?s={search_term_string}\"},\"query-input\":\"required name=search_term_string\"}],\"inLanguage\":\"es\"},{\"@type\":\"Organization\",\"@id\":\"https:\/\/transfertaximalaga.com\/#organization\",\"name\":\"Transfer Taxi M\u00e1laga\",\"url\":\"https:\/\/transfertaximalaga.com\/\",\"logo\":{\"@type\":\"ImageObject\",\"inLanguage\":\"es\",\"@id\":\"https:\/\/transfertaximalaga.com\/#\/schema\/logo\/image\/\",\"url\":\"https:\/\/transfertaximalaga.com\/wp-content\/uploads\/2020\/03\/Logo-TTM-naranja-sm.png\",\"contentUrl\":\"https:\/\/transfertaximalaga.com\/wp-content\/uploads\/2020\/03\/Logo-TTM-naranja-sm.png\",\"width\":150,\"height\":75,\"caption\":\"Transfer Taxi M\u00e1laga\"},\"image\":{\"@id\":\"https:\/\/transfertaximalaga.com\/#\/schema\/logo\/image\/\"}}]}<\/script>\n<!-- \/ Yoast SEO plugin. -->","yoast_head_json":{"title":"Aviso Legal - Malaga Airport Transfer","robots":{"index":"index","follow":"follow","max-snippet":"max-snippet:-1","max-image-preview":"max-image-preview:large","max-video-preview":"max-video-preview:-1"},"canonical":"https:\/\/transfertaximalaga.com\/es\/aviso-legal\/","og_locale":"es_ES","og_type":"article","og_title":"Aviso Legal - Malaga Airport Transfer","og_description":"[vc_row css=\u00bb.vc_custom_1567672094494{margin-top: 35px !important;}\u00bb][vc_column][vc_column_text]El presente documento tiene como finalidad el establecer y regular las normas de uso de este portal web , entendiendo por \u00e9ste todas las p\u00e1ginas y sus contenidos propiedad de Antonio Suarez Reina a las cuales se accede a trav\u00e9s del dominio www.transfertaximalaga.com. La utilizaci\u00f3n del portal web atribuye la condici\u00f3n de [&hellip;]","og_url":"https:\/\/transfertaximalaga.com\/es\/aviso-legal\/","og_site_name":"Malaga Airport Transfer","article_modified_time":"2024-02-12T08:24:07+00:00","twitter_card":"summary_large_image","twitter_misc":{"Tiempo de lectura":"10 minutos"},"schema":{"@context":"https:\/\/schema.org","@graph":[{"@type":"WebPage","@id":"https:\/\/transfertaximalaga.com\/es\/aviso-legal\/","url":"https:\/\/transfertaximalaga.com\/es\/aviso-legal\/","name":"Aviso Legal - Malaga Airport Transfer","isPartOf":{"@id":"https:\/\/transfertaximalaga.com\/#website"},"datePublished":"2019-10-17T10:53:32+00:00","dateModified":"2024-02-12T08:24:07+00:00","breadcrumb":{"@id":"https:\/\/transfertaximalaga.com\/es\/aviso-legal\/#breadcrumb"},"inLanguage":"es","potentialAction":[{"@type":"ReadAction","target":["https:\/\/transfertaximalaga.com\/es\/aviso-legal\/"]}]},{"@type":"BreadcrumbList","@id":"https:\/\/transfertaximalaga.com\/es\/aviso-legal\/#breadcrumb","itemListElement":[{"@type":"ListItem","position":1,"name":"Portada","item":"https:\/\/transfertaximalaga.com\/es\/"},{"@type":"ListItem","position":2,"name":"Aviso Legal"}]},{"@type":"WebSite","@id":"https:\/\/transfertaximalaga.com\/#website","url":"https:\/\/transfertaximalaga.com\/","name":"Malaga Airport Transfer","description":"Airport Taxis","publisher":{"@id":"https:\/\/transfertaximalaga.com\/#organization"},"potentialAction":[{"@type":"SearchAction","target":{"@type":"EntryPoint","urlTemplate":"https:\/\/transfertaximalaga.com\/?s={search_term_string}"},"query-input":"required name=search_term_string"}],"inLanguage":"es"},{"@type":"Organization","@id":"https:\/\/transfertaximalaga.com\/#organization","name":"Transfer Taxi M\u00e1laga","url":"https:\/\/transfertaximalaga.com\/","logo":{"@type":"ImageObject","inLanguage":"es","@id":"https:\/\/transfertaximalaga.com\/#\/schema\/logo\/image\/","url":"https:\/\/transfertaximalaga.com\/wp-content\/uploads\/2020\/03\/Logo-TTM-naranja-sm.png","contentUrl":"https:\/\/transfertaximalaga.com\/wp-content\/uploads\/2020\/03\/Logo-TTM-naranja-sm.png","width":150,"height":75,"caption":"Transfer Taxi M\u00e1laga"},"image":{"@id":"https:\/\/transfertaximalaga.com\/#\/schema\/logo\/image\/"}}]}},"_links":{"self":[{"href":"https:\/\/transfertaximalaga.com\/es\/wp-json\/wp\/v2\/pages\/12009"}],"collection":[{"href":"https:\/\/transfertaximalaga.com\/es\/wp-json\/wp\/v2\/pages"}],"about":[{"href":"https:\/\/transfertaximalaga.com\/es\/wp-json\/wp\/v2\/types\/page"}],"author":[{"embeddable":true,"href":"https:\/\/transfertaximalaga.com\/es\/wp-json\/wp\/v2\/users\/1"}],"replies":[{"embeddable":true,"href":"https:\/\/transfertaximalaga.com\/es\/wp-json\/wp\/v2\/comments?post=12009"}],"version-history":[{"count":8,"href":"https:\/\/transfertaximalaga.com\/es\/wp-json\/wp\/v2\/pages\/12009\/revisions"}],"predecessor-version":[{"id":14086,"href":"https:\/\/transfertaximalaga.com\/es\/wp-json\/wp\/v2\/pages\/12009\/revisions\/14086"}],"wp:attachment":[{"href":"https:\/\/transfertaximalaga.com\/es\/wp-json\/wp\/v2\/media?parent=12009"}],"curies":[{"name":"wp","href":"https:\/\/api.w.org\/{rel}","templated":true}]}}