{"id":12262,"date":"2017-05-17T20:05:52","date_gmt":"2017-05-17T20:05:52","guid":{"rendered":"https:\/\/transfertaximalaga.com\/?page_id=12262"},"modified":"2020-04-07T09:59:37","modified_gmt":"2020-04-07T09:59:37","slug":"contacto","status":"publish","type":"page","link":"https:\/\/transfertaximalaga.com\/es\/contacto\/","title":{"rendered":"Contacto"},"content":{"rendered":"<p>[vc_row full_width=\u00bbstretch_row\u00bb css=\u00bb.vc_custom_1585067302253{padding-top: 50px !important;padding-bottom: 15px !important;background: #41a0d8 url(https:\/\/transfertaximalaga.com\/wp-content\/uploads\/2020\/03\/Footer-Bg.png?id=12885) !important;}\u00bb el_id=\u00bbcta-1&#8243;][vc_column][vc_row_inner][vc_column_inner el_class=\u00bbhome_section_3&#8243;][vc_column_text]<\/p>\n<h2 style=\"color: #fff;\"><strong>Contacto, <\/strong> <span style=\"color: #f8c358;\">reserve su taxi<\/span><\/h2>\n<p>[\/vc_column_text][\/vc_column_inner][\/vc_row_inner][vc_row_inner][vc_column_inner el_class=\u00bbhome_section_3&#8243; width=\u00bb1\/2&#8243;]<div class=\"es-resp\">\t<div class=\"hidden-sm hidden-ms hidden-xs\" style=\"height: 40px;\"><\/div>\t<div class=\"hidden-xl hidden-lg hidden-md hidden-xs\" style=\"height: 32px;\"><\/div>\t<div class=\"visible-xs\" style=\"height: 15px;\"><\/div><\/div><div role=\"form\" class=\"wpcf7\" id=\"wpcf7-f13487-o1\" lang=\"en-US\" dir=\"ltr\">\n<div class=\"screen-reader-response\"><p role=\"status\" aria-live=\"polite\" aria-atomic=\"true\"><\/p> <ul><\/ul><\/div>\n<form action=\"\/es\/wp-json\/wp\/v2\/pages\/12262#wpcf7-f13487-o1\" method=\"post\" class=\"wpcf7-form init cf7mls-no-scroll cf7mls-no-moving-animation\" novalidate=\"novalidate\" data-status=\"init\">\n<div style=\"display: none;\">\n<input type=\"hidden\" name=\"_wpcf7\" value=\"13487\" \/>\n<input type=\"hidden\" name=\"_wpcf7_version\" value=\"5.6.4\" \/>\n<input type=\"hidden\" name=\"_wpcf7_locale\" value=\"en_US\" \/>\n<input type=\"hidden\" name=\"_wpcf7_unit_tag\" value=\"wpcf7-f13487-o1\" \/>\n<input type=\"hidden\" name=\"_wpcf7_container_post\" value=\"0\" \/>\n<input type=\"hidden\" name=\"_wpcf7_posted_data_hash\" value=\"\" \/>\n<\/div>\n<p><span id=\"wpcf7-69f0fc2f5238f-wrapper\" class=\"wpcf7-form-control-wrap media-333-wrap\" style=\"display:none !important; visibility:hidden !important;\"><label for=\"wpcf7-69f0fc2f5238f-field\" class=\"hp-message\">Por favor, deja este campo vac\u00edo.<\/label><input id=\"wpcf7-69f0fc2f5238f-field\"  class=\"wpcf7-form-control wpcf7-text\" type=\"text\" name=\"media-333\" value=\"\" size=\"40\" tabindex=\"-1\" autocomplete=\"new-password\" \/><\/span>\n<div id=\"responsive-form-stamina\" class=\"clearfix\">\n<div class=\"form-row\">\n<div class=\"column-half\"><span class=\"wpcf7-form-control-wrap\" data-name=\"your-name\"><input type=\"text\" name=\"your-name\" value=\"\" size=\"40\" class=\"wpcf7-form-control wpcf7-text wpcf7-validates-as-required\" aria-required=\"true\" aria-invalid=\"false\" placeholder=\"Nombre*\" \/><\/span><\/div>\n<div class=\"column-half\"><span class=\"wpcf7-form-control-wrap\" data-name=\"your-email\"><input type=\"email\" name=\"your-email\" value=\"\" size=\"40\" class=\"wpcf7-form-control wpcf7-text wpcf7-email wpcf7-validates-as-required wpcf7-validates-as-email\" aria-required=\"true\" aria-invalid=\"false\" placeholder=\"Email*\" \/><\/span><\/div>\n<\/div>\n<div class=\"form-row\">\n<div class=\"column-full\"> <span class=\"wpcf7-form-control-wrap\" data-name=\"your-message\"><textarea name=\"your-message\" cols=\"40\" rows=\"10\" class=\"wpcf7-form-control wpcf7-textarea\" aria-invalid=\"false\" placeholder=\"Mensaje\"><\/textarea><\/span><\/div>\n<\/div>\n<div class=\"form-row\">\n<div class=\"column-full\"><input type=\"submit\" value=\"Enviar\" class=\"wpcf7-form-control has-spinner wpcf7-submit\" \/><\/div>\n<\/div>\n<\/div>\n<p style=\"display: none !important;\"><label>&#916;<textarea name=\"_wpcf7_ak_hp_textarea\" cols=\"45\" rows=\"8\" maxlength=\"100\"><\/textarea><\/label><input type=\"hidden\" id=\"ak_js_1\" name=\"_wpcf7_ak_js\" value=\"98\"\/><script>document.getElementById( \"ak_js_1\" ).setAttribute( \"value\", ( new Date() ).getTime() );<\/script><\/p><div class=\"wpcf7-response-output\" aria-hidden=\"true\"><\/div><\/form><\/div>[\/vc_column_inner][vc_column_inner width=\u00bb1\/2&#8243;]<div class=\"es-resp\">\t<div class=\"hidden-sm hidden-ms hidden-xs\" style=\"height: 40px;\"><\/div>\t<div class=\"hidden-xl hidden-lg hidden-md hidden-xs\" style=\"height: 32px;\"><\/div>\t<div class=\"visible-xs\" style=\"height: 15px;\"><\/div><\/div>[vc_column_text]<span style=\"color: #ffffff;\"><strong>Para cualquier consulta se puede poner en contacto con nosotros en el siguientes n\u00famero de tel\u00e9fono o escr\u00edbanos un email:<\/strong><\/span>[\/vc_column_text]<div class=\"smile_icon_list_wrap ult_info_list_container ult-adjust-bottom-margin  \"><ul class=\"smile_icon_list left circle with_bg\"><li class=\"icon_list_item\" style=\" font-size:57px;\"><div class=\"icon_list_icon\" data-animation=\"\" data-animation-delay=\"03\" style=\"font-size:19px;border-width:1px;border-style:none;background:#ffffff;color:#f8c358;border-color:#333333;\"><i class=\"Defaults-envelope-o\" ><\/i><\/div><div class=\"icon_description\" id=\"Info-list-wrap-9138\" style=\"font-size:19px;\"><h3 class=\"ult-responsive info-list-heading\"  data-ultimate-target='#Info-list-wrap-9138 h3'  data-responsive-json-new='{\"font-size\":\"desktop:16px;\",\"line-height\":\"desktop:24px;\"}'  style=\"font-weight:bold;color:#ffffff;\">info@transfertaximalaga.com<\/h3><div class=\"icon_description_text ult-responsive\"  data-ultimate-target='#Info-list-wrap-9138 .icon_description_text'  data-responsive-json-new='{\"font-size\":\"desktop:13px;\",\"line-height\":\"desktop:18px;\"}'  style=\"\"><\/div><\/div><div class=\"icon_list_connector\"  style=\"border-right-width: 1px;border-right-style: dashed;border-color: #333333;\"><\/div><a class=\"ulimate-info-list-link\" href=\"mailto:info@transfertaximalaga.com\" ><\/a><\/li><li class=\"icon_list_item\" style=\" font-size:57px;\"><div class=\"icon_list_icon\" data-animation=\"\" data-animation-delay=\"03\" style=\"font-size:19px;border-width:1px;border-style:none;background:#ffffff;color:#f8c358;border-color:#333333;\"><i class=\"Defaults-phone\" ><\/i><\/div><div class=\"icon_description\" id=\"Info-list-wrap-8394\" style=\"font-size:19px;\"><h3 class=\"ult-responsive info-list-heading\"  data-ultimate-target='#Info-list-wrap-8394 h3'  data-responsive-json-new='{\"font-size\":\"desktop:16px;\",\"line-height\":\"desktop:24px;\"}'  style=\"font-weight:bold;color:#ffffff;\">+34 695 690 100<\/h3><div class=\"icon_description_text ult-responsive\"  data-ultimate-target='#Info-list-wrap-8394 .icon_description_text'  data-responsive-json-new='{\"font-size\":\"desktop:13px;\",\"line-height\":\"desktop:18px;\"}'  style=\"\"><\/div><\/div><div class=\"icon_list_connector\"  style=\"border-right-width: 1px;border-right-style: dashed;border-color: #333333;\"><\/div><a class=\"ulimate-info-list-link\" href=\"tel: +34695690100\" ><\/a><\/li><\/ul><\/div>[vc_column_text]<strong><a style=\"color: #f8c358;\" href=\"https:\/\/transfertaximalaga.com\/es\/reserva-rapida\">\u00bfTienes prisa? Haga clic aqu\u00ed y d\u00e9jenos informaci\u00f3n b\u00e1sica sobre su viaje y nosotros nos encargaremos del resto.<\/a><\/strong>[\/vc_column_text][\/vc_column_inner][\/vc_row_inner][\/vc_column][\/vc_row]<\/p>\n","protected":false},"excerpt":{"rendered":"<p>[vc_row full_width=\u00bbstretch_row\u00bb css=\u00bb.vc_custom_1585067302253{padding-top: 50px !important;padding-bottom: 15px !important;background: #41a0d8 url(https:\/\/transfertaximalaga.com\/wp-content\/uploads\/2020\/03\/Footer-Bg.png?id=12885) !important;}\u00bb el_id=\u00bbcta-1&#8243;][vc_column][vc_row_inner][vc_column_inner el_class=\u00bbhome_section_3&#8243;][vc_column_text] Contacto, reserve su taxi [\/vc_column_text][\/vc_column_inner][\/vc_row_inner][vc_row_inner][vc_column_inner el_class=\u00bbhome_section_3&#8243; width=\u00bb1\/2&#8243;][\/vc_column_inner][vc_column_inner width=\u00bb1\/2&#8243;][vc_column_text]Para cualquier consulta se puede poner en contacto con nosotros en el siguientes n\u00famero de tel\u00e9fono o escr\u00edbanos un email:[\/vc_column_text][vc_column_text]\u00bfTienes prisa? Haga clic aqu\u00ed y d\u00e9jenos informaci\u00f3n b\u00e1sica sobre su viaje y nosotros nos encargaremos del [&hellip;]<\/p>\n","protected":false},"author":1,"featured_media":0,"parent":0,"menu_order":0,"comment_status":"closed","ping_status":"closed","template":"","meta":[],"yoast_head":"<!-- This site is optimized with the Yoast SEO plugin v19.13 - https:\/\/yoast.com\/wordpress\/plugins\/seo\/ -->\n<title>Contacto - Malaga Airport Transfer<\/title>\n<meta name=\"robots\" content=\"index, follow, max-snippet:-1, max-image-preview:large, max-video-preview:-1\" \/>\n<link rel=\"canonical\" href=\"https:\/\/transfertaximalaga.com\/es\/contacto\/\" \/>\n<meta property=\"og:locale\" content=\"es_ES\" \/>\n<meta property=\"og:type\" content=\"article\" \/>\n<meta property=\"og:title\" content=\"Contacto - Malaga Airport Transfer\" \/>\n<meta property=\"og:description\" content=\"[vc_row full_width=\u00bbstretch_row\u00bb css=\u00bb.vc_custom_1585067302253{padding-top: 50px !important;padding-bottom: 15px !important;background: #41a0d8 url(https:\/\/transfertaximalaga.com\/wp-content\/uploads\/2020\/03\/Footer-Bg.png?id=12885) !important;}\u00bb el_id=\u00bbcta-1&#8243;][vc_column][vc_row_inner][vc_column_inner el_class=\u00bbhome_section_3&#8243;][vc_column_text] Contacto, reserve su taxi [\/vc_column_text][\/vc_column_inner][\/vc_row_inner][vc_row_inner][vc_column_inner el_class=\u00bbhome_section_3&#8243; width=\u00bb1\/2&#8243;][\/vc_column_inner][vc_column_inner width=\u00bb1\/2&#8243;][vc_column_text]Para cualquier consulta se puede poner en contacto con nosotros en el siguientes n\u00famero de tel\u00e9fono o escr\u00edbanos un email:[\/vc_column_text][vc_column_text]\u00bfTienes prisa? Haga clic aqu\u00ed y d\u00e9jenos informaci\u00f3n b\u00e1sica sobre su viaje y nosotros nos encargaremos del [&hellip;]\" \/>\n<meta property=\"og:url\" content=\"https:\/\/transfertaximalaga.com\/es\/contacto\/\" \/>\n<meta property=\"og:site_name\" content=\"Malaga Airport Transfer\" \/>\n<meta property=\"article:modified_time\" content=\"2020-04-07T09:59:37+00:00\" \/>\n<meta name=\"twitter:card\" content=\"summary_large_image\" \/>\n<meta name=\"twitter:label1\" content=\"Tiempo de lectura\" \/>\n\t<meta name=\"twitter:data1\" content=\"1 minuto\" \/>\n<script type=\"application\/ld+json\" class=\"yoast-schema-graph\">{\"@context\":\"https:\/\/schema.org\",\"@graph\":[{\"@type\":\"WebPage\",\"@id\":\"https:\/\/transfertaximalaga.com\/es\/contacto\/\",\"url\":\"https:\/\/transfertaximalaga.com\/es\/contacto\/\",\"name\":\"Contacto - Malaga Airport Transfer\",\"isPartOf\":{\"@id\":\"https:\/\/transfertaximalaga.com\/#website\"},\"datePublished\":\"2017-05-17T20:05:52+00:00\",\"dateModified\":\"2020-04-07T09:59:37+00:00\",\"breadcrumb\":{\"@id\":\"https:\/\/transfertaximalaga.com\/es\/contacto\/#breadcrumb\"},\"inLanguage\":\"es\",\"potentialAction\":[{\"@type\":\"ReadAction\",\"target\":[\"https:\/\/transfertaximalaga.com\/es\/contacto\/\"]}]},{\"@type\":\"BreadcrumbList\",\"@id\":\"https:\/\/transfertaximalaga.com\/es\/contacto\/#breadcrumb\",\"itemListElement\":[{\"@type\":\"ListItem\",\"position\":1,\"name\":\"Portada\",\"item\":\"https:\/\/transfertaximalaga.com\/es\/\"},{\"@type\":\"ListItem\",\"position\":2,\"name\":\"Contacto\"}]},{\"@type\":\"WebSite\",\"@id\":\"https:\/\/transfertaximalaga.com\/#website\",\"url\":\"https:\/\/transfertaximalaga.com\/\",\"name\":\"Malaga Airport Transfer\",\"description\":\"Airport Taxis\",\"publisher\":{\"@id\":\"https:\/\/transfertaximalaga.com\/#organization\"},\"potentialAction\":[{\"@type\":\"SearchAction\",\"target\":{\"@type\":\"EntryPoint\",\"urlTemplate\":\"https:\/\/transfertaximalaga.com\/?s={search_term_string}\"},\"query-input\":\"required name=search_term_string\"}],\"inLanguage\":\"es\"},{\"@type\":\"Organization\",\"@id\":\"https:\/\/transfertaximalaga.com\/#organization\",\"name\":\"Transfer Taxi M\u00e1laga\",\"url\":\"https:\/\/transfertaximalaga.com\/\",\"logo\":{\"@type\":\"ImageObject\",\"inLanguage\":\"es\",\"@id\":\"https:\/\/transfertaximalaga.com\/#\/schema\/logo\/image\/\",\"url\":\"https:\/\/transfertaximalaga.com\/wp-content\/uploads\/2020\/03\/Logo-TTM-naranja-sm.png\",\"contentUrl\":\"https:\/\/transfertaximalaga.com\/wp-content\/uploads\/2020\/03\/Logo-TTM-naranja-sm.png\",\"width\":150,\"height\":75,\"caption\":\"Transfer Taxi M\u00e1laga\"},\"image\":{\"@id\":\"https:\/\/transfertaximalaga.com\/#\/schema\/logo\/image\/\"}}]}<\/script>\n<!-- \/ Yoast SEO plugin. -->","yoast_head_json":{"title":"Contacto - Malaga Airport Transfer","robots":{"index":"index","follow":"follow","max-snippet":"max-snippet:-1","max-image-preview":"max-image-preview:large","max-video-preview":"max-video-preview:-1"},"canonical":"https:\/\/transfertaximalaga.com\/es\/contacto\/","og_locale":"es_ES","og_type":"article","og_title":"Contacto - Malaga Airport Transfer","og_description":"[vc_row full_width=\u00bbstretch_row\u00bb css=\u00bb.vc_custom_1585067302253{padding-top: 50px !important;padding-bottom: 15px !important;background: #41a0d8 url(https:\/\/transfertaximalaga.com\/wp-content\/uploads\/2020\/03\/Footer-Bg.png?id=12885) !important;}\u00bb el_id=\u00bbcta-1&#8243;][vc_column][vc_row_inner][vc_column_inner el_class=\u00bbhome_section_3&#8243;][vc_column_text] Contacto, reserve su taxi [\/vc_column_text][\/vc_column_inner][\/vc_row_inner][vc_row_inner][vc_column_inner el_class=\u00bbhome_section_3&#8243; width=\u00bb1\/2&#8243;][\/vc_column_inner][vc_column_inner width=\u00bb1\/2&#8243;][vc_column_text]Para cualquier consulta se puede poner en contacto con nosotros en el siguientes n\u00famero de tel\u00e9fono o escr\u00edbanos un email:[\/vc_column_text][vc_column_text]\u00bfTienes prisa? Haga clic aqu\u00ed y d\u00e9jenos informaci\u00f3n b\u00e1sica sobre su viaje y nosotros nos encargaremos del [&hellip;]","og_url":"https:\/\/transfertaximalaga.com\/es\/contacto\/","og_site_name":"Malaga Airport Transfer","article_modified_time":"2020-04-07T09:59:37+00:00","twitter_card":"summary_large_image","twitter_misc":{"Tiempo de lectura":"1 minuto"},"schema":{"@context":"https:\/\/schema.org","@graph":[{"@type":"WebPage","@id":"https:\/\/transfertaximalaga.com\/es\/contacto\/","url":"https:\/\/transfertaximalaga.com\/es\/contacto\/","name":"Contacto - Malaga Airport Transfer","isPartOf":{"@id":"https:\/\/transfertaximalaga.com\/#website"},"datePublished":"2017-05-17T20:05:52+00:00","dateModified":"2020-04-07T09:59:37+00:00","breadcrumb":{"@id":"https:\/\/transfertaximalaga.com\/es\/contacto\/#breadcrumb"},"inLanguage":"es","potentialAction":[{"@type":"ReadAction","target":["https:\/\/transfertaximalaga.com\/es\/contacto\/"]}]},{"@type":"BreadcrumbList","@id":"https:\/\/transfertaximalaga.com\/es\/contacto\/#breadcrumb","itemListElement":[{"@type":"ListItem","position":1,"name":"Portada","item":"https:\/\/transfertaximalaga.com\/es\/"},{"@type":"ListItem","position":2,"name":"Contacto"}]},{"@type":"WebSite","@id":"https:\/\/transfertaximalaga.com\/#website","url":"https:\/\/transfertaximalaga.com\/","name":"Malaga Airport Transfer","description":"Airport Taxis","publisher":{"@id":"https:\/\/transfertaximalaga.com\/#organization"},"potentialAction":[{"@type":"SearchAction","target":{"@type":"EntryPoint","urlTemplate":"https:\/\/transfertaximalaga.com\/?s={search_term_string}"},"query-input":"required name=search_term_string"}],"inLanguage":"es"},{"@type":"Organization","@id":"https:\/\/transfertaximalaga.com\/#organization","name":"Transfer Taxi M\u00e1laga","url":"https:\/\/transfertaximalaga.com\/","logo":{"@type":"ImageObject","inLanguage":"es","@id":"https:\/\/transfertaximalaga.com\/#\/schema\/logo\/image\/","url":"https:\/\/transfertaximalaga.com\/wp-content\/uploads\/2020\/03\/Logo-TTM-naranja-sm.png","contentUrl":"https:\/\/transfertaximalaga.com\/wp-content\/uploads\/2020\/03\/Logo-TTM-naranja-sm.png","width":150,"height":75,"caption":"Transfer Taxi M\u00e1laga"},"image":{"@id":"https:\/\/transfertaximalaga.com\/#\/schema\/logo\/image\/"}}]}},"_links":{"self":[{"href":"https:\/\/transfertaximalaga.com\/es\/wp-json\/wp\/v2\/pages\/12262"}],"collection":[{"href":"https:\/\/transfertaximalaga.com\/es\/wp-json\/wp\/v2\/pages"}],"about":[{"href":"https:\/\/transfertaximalaga.com\/es\/wp-json\/wp\/v2\/types\/page"}],"author":[{"embeddable":true,"href":"https:\/\/transfertaximalaga.com\/es\/wp-json\/wp\/v2\/users\/1"}],"replies":[{"embeddable":true,"href":"https:\/\/transfertaximalaga.com\/es\/wp-json\/wp\/v2\/comments?post=12262"}],"version-history":[{"count":7,"href":"https:\/\/transfertaximalaga.com\/es\/wp-json\/wp\/v2\/pages\/12262\/revisions"}],"predecessor-version":[{"id":13936,"href":"https:\/\/transfertaximalaga.com\/es\/wp-json\/wp\/v2\/pages\/12262\/revisions\/13936"}],"wp:attachment":[{"href":"https:\/\/transfertaximalaga.com\/es\/wp-json\/wp\/v2\/media?parent=12262"}],"curies":[{"name":"wp","href":"https:\/\/api.w.org\/{rel}","templated":true}]}}