{"id":13392,"date":"2020-03-31T14:18:44","date_gmt":"2020-03-31T14:18:44","guid":{"rendered":"https:\/\/transfertaximalaga.com\/?page_id=13392"},"modified":"2020-04-20T10:34:24","modified_gmt":"2020-04-20T10:34:24","slug":"reserva-rapida","status":"publish","type":"page","link":"https:\/\/transfertaximalaga.com\/es\/reserva-rapida\/","title":{"rendered":"Reserva rapida"},"content":{"rendered":"<p>[vc_row full_width=\u00bbstretch_row\u00bb css=\u00bb.vc_custom_1585134044764{padding-top: 50px !important;padding-bottom: 15px !important;background-image: url(https:\/\/transfertaximalaga.com\/wp-content\/uploads\/2020\/03\/transfer-taxi-in-malaga.png?id=13256) !important;background-position: center !important;background-repeat: no-repeat !important;background-size: cover !important;}\u00bb el_id=\u00bbcta-1&#8243;][vc_column][vc_row_inner][vc_column_inner el_class=\u00bbhome_section_3&#8243;][vc_column_text]<\/p>\n<h2 style=\"color: #fff;\"><strong><span style=\"color: #f8c358;\"> Reserva<\/span> r\u00e1pida<\/strong><\/h2>\n<p>[\/vc_column_text][\/vc_column_inner][\/vc_row_inner][vc_row_inner][vc_column_inner width=\u00bb1\/3&#8243;][vc_column_text]<\/p>\n<ul id=\"like_sc_header_367598601\" class=\"social-icons-list vc_custom_1584381356908\">\n<li class=\"\"><span class=\"head tel\"><a style=\"color: #fff;\" href=\"tel:+34 695 690 100\">+34 695 690 100<\/a><\/span><\/li>\n<\/ul>\n<p>[\/vc_column_text][\/vc_column_inner][vc_column_inner width=\u00bb1\/3&#8243;][vc_column_text]<\/p>\n<ul id=\"like_sc_header_367598601\" class=\"social-icons-list vc_custom_1584381356908\">\n<li class=\"\"><span class=\"head mail\"><a style=\"color: #fff;\" href=\"mailto:info@transfertaximalaga.com\"> info@transfertaximalaga.com<\/a><\/span><\/li>\n<\/ul>\n<p>[\/vc_column_text][\/vc_column_inner][vc_column_inner width=\u00bb1\/3&#8243;][vc_column_text]<\/p>\n<ul id=\"like_sc_header_367598601\" class=\"social-icons-list vc_custom_1584381356908\">\n<li class=\"\"><span class=\"head loc\" style=\"color: #fff;\"> M\u00e1laga, Spain<\/span><\/li>\n<\/ul>\n<p>[\/vc_column_text][\/vc_column_inner][\/vc_row_inner][\/vc_column][\/vc_row][vc_row full_width=\u00bbstretch_row\u00bb css=\u00bb.vc_custom_1585067302253{padding-top: 50px !important;padding-bottom: 15px !important;background: #41a0d8 url(https:\/\/transfertaximalaga.com\/wp-content\/uploads\/2020\/03\/Footer-Bg.png?id=12885) !important;}\u00bb][vc_column][vc_row_inner][vc_column_inner el_class=\u00bbhome_section_3&#8243;]<div class=\"es-resp\">\t<div class=\"hidden-sm hidden-ms hidden-xs\" style=\"height: 40px;\"><\/div>\t<div class=\"hidden-xl hidden-lg hidden-md hidden-xs\" style=\"height: 32px;\"><\/div>\t<div class=\"visible-xs\" style=\"height: 15px;\"><\/div><\/div>[vc_column_text]<strong style=\"color: #fff;\">\u00bfTienes prisa? Haga clic aqu\u00ed y d\u00e9jenos informaci\u00f3n b\u00e1sica sobre su viaje y nosotros nos encargaremos del resto.<\/strong>[\/vc_column_text][\/vc_column_inner][\/vc_row_inner][vc_row_inner][vc_column_inner el_class=\u00bbhome_section_3 rapidC\u00bb]<div class=\"es-resp\">\t<div class=\"hidden-sm hidden-ms hidden-xs\" style=\"height: 40px;\"><\/div>\t<div class=\"hidden-xl hidden-lg hidden-md hidden-xs\" style=\"height: 32px;\"><\/div>\t<div class=\"visible-xs\" style=\"height: 15px;\"><\/div><\/div><div role=\"form\" class=\"wpcf7\" id=\"wpcf7-f13488-o1\" lang=\"en-US\" dir=\"ltr\">\n<div class=\"screen-reader-response\"><p role=\"status\" aria-live=\"polite\" aria-atomic=\"true\"><\/p> <ul><\/ul><\/div>\n<form action=\"\/es\/wp-json\/wp\/v2\/pages\/13392#wpcf7-f13488-o1\" method=\"post\" class=\"wpcf7-form init cf7mls-no-scroll cf7mls-no-moving-animation\" novalidate=\"novalidate\" data-status=\"init\">\n<div style=\"display: none;\">\n<input type=\"hidden\" name=\"_wpcf7\" value=\"13488\" \/>\n<input type=\"hidden\" name=\"_wpcf7_version\" value=\"5.6.4\" \/>\n<input type=\"hidden\" name=\"_wpcf7_locale\" value=\"en_US\" \/>\n<input type=\"hidden\" name=\"_wpcf7_unit_tag\" value=\"wpcf7-f13488-o1\" \/>\n<input type=\"hidden\" name=\"_wpcf7_container_post\" value=\"0\" \/>\n<input type=\"hidden\" name=\"_wpcf7_posted_data_hash\" value=\"\" \/>\n<\/div>\n<p><span id=\"wpcf7-69f0ea9a8a473-wrapper\" class=\"wpcf7-form-control-wrap media-333-wrap\" style=\"display:none !important; visibility:hidden !important;\"><label for=\"wpcf7-69f0ea9a8a473-field\" class=\"hp-message\">Por favor, deja este campo vac\u00edo.<\/label><input id=\"wpcf7-69f0ea9a8a473-field\"  class=\"wpcf7-form-control wpcf7-text\" type=\"text\" name=\"media-333\" value=\"\" size=\"40\" tabindex=\"-1\" autocomplete=\"new-password\" \/><\/span>\n<div id=\"responsive-form-stamina\" class=\"clearfix rapid\">\n<div class=\"form-row\">\n<div class=\"column-half\"><span class=\"wpcf7-form-control-wrap\" data-name=\"your-name\"><input type=\"text\" name=\"your-name\" value=\"\" size=\"40\" class=\"wpcf7-form-control wpcf7-text wpcf7-validates-as-required\" aria-required=\"true\" aria-invalid=\"false\" placeholder=\"Nombre *\" \/><\/span><\/div>\n<div class=\"column-half\"><span class=\"wpcf7-form-control-wrap\" data-name=\"your-email\"><input type=\"email\" name=\"your-email\" value=\"\" size=\"40\" class=\"wpcf7-form-control wpcf7-text wpcf7-email wpcf7-validates-as-required wpcf7-validates-as-email\" aria-required=\"true\" aria-invalid=\"false\" placeholder=\"Email *\" \/><\/span><\/div>\n<\/div>\n<div class=\"form-row\">\n<div class=\"column-half\"><span class=\"wpcf7-form-control-wrap\" data-name=\"your-tel\"><input type=\"text\" name=\"your-tel\" value=\"\" size=\"40\" class=\"wpcf7-form-control wpcf7-text wpcf7-validates-as-required\" aria-required=\"true\" aria-invalid=\"false\" placeholder=\"Telephone *\" \/><\/span><\/div>\n<div class=\"column-half\" style=\"text-align: left; color: #757575\">Metodo de contacto * <span class=\"wpcf7-form-control-wrap\" data-name=\"radio-460\"><span class=\"wpcf7-form-control wpcf7-radio\"><span class=\"wpcf7-list-item first\"><label><input type=\"radio\" name=\"radio-460\" value=\"Telefono\" checked=\"checked\" \/><span class=\"wpcf7-list-item-label\">Telefono<\/span><\/label><\/span><span class=\"wpcf7-list-item last\"><label><input type=\"radio\" name=\"radio-460\" value=\"Email\" \/><span class=\"wpcf7-list-item-label\">Email<\/span><\/label><\/span><\/span><\/span>\n<\/div>\n<\/div>\n<div class=\"form-row\">\n<div class=\"column-half\"><span class=\"wpcf7-form-control-wrap\" data-name=\"your-pick-loc\"><input type=\"text\" name=\"your-pick-loc\" value=\"\" size=\"40\" class=\"wpcf7-form-control wpcf7-text wpcf7-validates-as-required\" aria-required=\"true\" aria-invalid=\"false\" placeholder=\"Direcci\u00f3n recogida *\" \/><\/span><\/div>\n<div class=\"column-half\"><span class=\"wpcf7-form-control-wrap\" data-name=\"your-drop-loc\"><input type=\"text\" name=\"your-drop-loc\" value=\"\" size=\"40\" class=\"wpcf7-form-control wpcf7-text wpcf7-validates-as-required\" aria-required=\"true\" aria-invalid=\"false\" placeholder=\"Direcci\u00f3n de destino *\" \/><\/span>\n<\/div>\n<\/div>\n<div class=\"form-row\">\n<div class=\"column-half\"><span class=\"wpcf7-form-control-wrap\" data-name=\"your-date\"><input type=\"text\" name=\"your-date\" value=\"\" size=\"40\" class=\"wpcf7-form-control wpcf7-text wpcf7-validates-as-required\" aria-required=\"true\" aria-invalid=\"false\" placeholder=\"FECHA y HORA de recogida (DD\/MM\/YYY) - (HH:MM) *\" \/><\/span><\/div>\n<div class=\"column-half\"><span class=\"wpcf7-form-control-wrap\" data-name=\"your-date-ret\"><input type=\"text\" name=\"your-date-ret\" value=\"\" size=\"40\" class=\"wpcf7-form-control wpcf7-text\" aria-invalid=\"false\" placeholder=\"Fecha y hora de la recogida en la vuelta (DD\/MM\/YYY) - (HH:MM) (si es necesario)\" \/><\/span>\n<\/div>\n<\/div>\n<div class=\"form-row\">\n<div class=\"column-half\"><span class=\"wpcf7-form-control-wrap\" data-name=\"your-pax\"><input type=\"text\" name=\"your-pax\" value=\"\" size=\"40\" class=\"wpcf7-form-control wpcf7-text wpcf7-validates-as-required\" aria-required=\"true\" aria-invalid=\"false\" placeholder=\"N\u00famero de pasajeros *\" \/><\/span><\/div>\n<div class=\"column-half\"><span class=\"wpcf7-form-control-wrap\" data-name=\"your-number\"><input type=\"text\" name=\"your-number\" value=\"\" size=\"40\" class=\"wpcf7-form-control wpcf7-text\" aria-invalid=\"false\" placeholder=\"N\u00famero de tren o n\u00famero de vuelo\" \/><\/span>\n<\/div>\n<\/div>\n<div class=\"form-row\">\n<div class=\"column-full\" style=\"text-align: left; color: #757575\"> M\u00e9todo de pago * <span class=\"wpcf7-form-control-wrap\" data-name=\"radio-460\"><span class=\"wpcf7-form-control wpcf7-radio\"><span class=\"wpcf7-list-item first\"><label><input type=\"radio\" name=\"radio-460\" value=\"Online\" checked=\"checked\" \/><span class=\"wpcf7-list-item-label\">Online<\/span><\/label><\/span><span class=\"wpcf7-list-item last\"><label><input type=\"radio\" name=\"radio-460\" value=\"Efectivo\" \/><span class=\"wpcf7-list-item-label\">Efectivo<\/span><\/label><\/span><\/span><\/span>\n<\/div>\n<\/div>\n<div class=\"form-row\">\n<div class=\"column-full\"> <span class=\"wpcf7-form-control-wrap\" data-name=\"your-message\"><textarea name=\"your-message\" cols=\"40\" rows=\"10\" class=\"wpcf7-form-control wpcf7-textarea\" aria-invalid=\"false\" placeholder=\"Comentarios sobre su reserva\"><\/textarea><\/span><\/div>\n<\/div>\n<div class=\"form-row\">\n<div class=\"column-full\"><input type=\"submit\" value=\"Enviar solicitud de reserva\" class=\"wpcf7-form-control has-spinner wpcf7-submit\" \/><\/div>\n<\/div>\n<\/div>\n<p style=\"display: none !important;\"><label>&#916;<textarea name=\"_wpcf7_ak_hp_textarea\" cols=\"45\" rows=\"8\" maxlength=\"100\"><\/textarea><\/label><input type=\"hidden\" id=\"ak_js_1\" name=\"_wpcf7_ak_js\" value=\"112\"\/><script>document.getElementById( \"ak_js_1\" ).setAttribute( \"value\", ( new Date() ).getTime() );<\/script><\/p><div class=\"wpcf7-response-output\" aria-hidden=\"true\"><\/div><\/form><\/div><div class=\"es-resp\">\t<div class=\"hidden-sm hidden-ms hidden-xs\" style=\"height: 40px;\"><\/div>\t<div class=\"hidden-xl hidden-lg hidden-md hidden-xs\" style=\"height: 32px;\"><\/div>\t<div class=\"visible-xs\" style=\"height: 15px;\"><\/div><\/div>[\/vc_column_inner][\/vc_row_inner][\/vc_column][\/vc_row]<\/p>\n","protected":false},"excerpt":{"rendered":"<p>[vc_row full_width=\u00bbstretch_row\u00bb css=\u00bb.vc_custom_1585134044764{padding-top: 50px !important;padding-bottom: 15px !important;background-image: url(https:\/\/transfertaximalaga.com\/wp-content\/uploads\/2020\/03\/transfer-taxi-in-malaga.png?id=13256) !important;background-position: center !important;background-repeat: no-repeat !important;background-size: cover !important;}\u00bb el_id=\u00bbcta-1&#8243;][vc_column][vc_row_inner][vc_column_inner el_class=\u00bbhome_section_3&#8243;][vc_column_text] Reserva r\u00e1pida [\/vc_column_text][\/vc_column_inner][\/vc_row_inner][vc_row_inner][vc_column_inner width=\u00bb1\/3&#8243;][vc_column_text] +34 695 690 100 [\/vc_column_text][\/vc_column_inner][vc_column_inner width=\u00bb1\/3&#8243;][vc_column_text] info@transfertaximalaga.com [\/vc_column_text][\/vc_column_inner][vc_column_inner width=\u00bb1\/3&#8243;][vc_column_text] M\u00e1laga, Spain [\/vc_column_text][\/vc_column_inner][\/vc_row_inner][\/vc_column][\/vc_row][vc_row full_width=\u00bbstretch_row\u00bb css=\u00bb.vc_custom_1585067302253{padding-top: 50px !important;padding-bottom: 15px !important;background: #41a0d8 url(https:\/\/transfertaximalaga.com\/wp-content\/uploads\/2020\/03\/Footer-Bg.png?id=12885) !important;}\u00bb][vc_column][vc_row_inner][vc_column_inner el_class=\u00bbhome_section_3&#8243;][vc_column_text]\u00bfTienes prisa? Haga clic aqu\u00ed y d\u00e9jenos informaci\u00f3n b\u00e1sica sobre su viaje y [&hellip;]<\/p>\n","protected":false},"author":1,"featured_media":0,"parent":0,"menu_order":0,"comment_status":"closed","ping_status":"closed","template":"","meta":[],"yoast_head":"<!-- This site is optimized with the Yoast SEO plugin v19.13 - https:\/\/yoast.com\/wordpress\/plugins\/seo\/ -->\n<title>Reserva rapida - Malaga Airport Transfer<\/title>\n<meta name=\"robots\" content=\"index, follow, max-snippet:-1, max-image-preview:large, max-video-preview:-1\" \/>\n<link rel=\"canonical\" href=\"https:\/\/transfertaximalaga.com\/es\/reserva-rapida\/\" \/>\n<meta property=\"og:locale\" content=\"es_ES\" \/>\n<meta property=\"og:type\" content=\"article\" \/>\n<meta property=\"og:title\" content=\"Reserva rapida - Malaga Airport Transfer\" \/>\n<meta property=\"og:description\" content=\"[vc_row full_width=\u00bbstretch_row\u00bb css=\u00bb.vc_custom_1585134044764{padding-top: 50px !important;padding-bottom: 15px !important;background-image: url(https:\/\/transfertaximalaga.com\/wp-content\/uploads\/2020\/03\/transfer-taxi-in-malaga.png?id=13256) !important;background-position: center !important;background-repeat: no-repeat !important;background-size: cover !important;}\u00bb el_id=\u00bbcta-1&#8243;][vc_column][vc_row_inner][vc_column_inner el_class=\u00bbhome_section_3&#8243;][vc_column_text] Reserva r\u00e1pida [\/vc_column_text][\/vc_column_inner][\/vc_row_inner][vc_row_inner][vc_column_inner width=\u00bb1\/3&#8243;][vc_column_text] +34 695 690 100 [\/vc_column_text][\/vc_column_inner][vc_column_inner width=\u00bb1\/3&#8243;][vc_column_text] info@transfertaximalaga.com [\/vc_column_text][\/vc_column_inner][vc_column_inner width=\u00bb1\/3&#8243;][vc_column_text] M\u00e1laga, Spain [\/vc_column_text][\/vc_column_inner][\/vc_row_inner][\/vc_column][\/vc_row][vc_row full_width=\u00bbstretch_row\u00bb css=\u00bb.vc_custom_1585067302253{padding-top: 50px !important;padding-bottom: 15px !important;background: #41a0d8 url(https:\/\/transfertaximalaga.com\/wp-content\/uploads\/2020\/03\/Footer-Bg.png?id=12885) !important;}\u00bb][vc_column][vc_row_inner][vc_column_inner el_class=\u00bbhome_section_3&#8243;][vc_column_text]\u00bfTienes prisa? Haga clic aqu\u00ed y d\u00e9jenos informaci\u00f3n b\u00e1sica sobre su viaje y [&hellip;]\" \/>\n<meta property=\"og:url\" content=\"https:\/\/transfertaximalaga.com\/es\/reserva-rapida\/\" \/>\n<meta property=\"og:site_name\" content=\"Malaga Airport Transfer\" \/>\n<meta property=\"article:modified_time\" content=\"2020-04-20T10:34:24+00:00\" \/>\n<meta name=\"twitter:card\" content=\"summary_large_image\" \/>\n<meta name=\"twitter:label1\" content=\"Tiempo de lectura\" \/>\n\t<meta name=\"twitter:data1\" content=\"1 minuto\" \/>\n<script type=\"application\/ld+json\" class=\"yoast-schema-graph\">{\"@context\":\"https:\/\/schema.org\",\"@graph\":[{\"@type\":\"WebPage\",\"@id\":\"https:\/\/transfertaximalaga.com\/es\/reserva-rapida\/\",\"url\":\"https:\/\/transfertaximalaga.com\/es\/reserva-rapida\/\",\"name\":\"Reserva rapida - Malaga Airport Transfer\",\"isPartOf\":{\"@id\":\"https:\/\/transfertaximalaga.com\/#website\"},\"datePublished\":\"2020-03-31T14:18:44+00:00\",\"dateModified\":\"2020-04-20T10:34:24+00:00\",\"breadcrumb\":{\"@id\":\"https:\/\/transfertaximalaga.com\/es\/reserva-rapida\/#breadcrumb\"},\"inLanguage\":\"es\",\"potentialAction\":[{\"@type\":\"ReadAction\",\"target\":[\"https:\/\/transfertaximalaga.com\/es\/reserva-rapida\/\"]}]},{\"@type\":\"BreadcrumbList\",\"@id\":\"https:\/\/transfertaximalaga.com\/es\/reserva-rapida\/#breadcrumb\",\"itemListElement\":[{\"@type\":\"ListItem\",\"position\":1,\"name\":\"Portada\",\"item\":\"https:\/\/transfertaximalaga.com\/es\/\"},{\"@type\":\"ListItem\",\"position\":2,\"name\":\"Reserva rapida\"}]},{\"@type\":\"WebSite\",\"@id\":\"https:\/\/transfertaximalaga.com\/#website\",\"url\":\"https:\/\/transfertaximalaga.com\/\",\"name\":\"Malaga Airport Transfer\",\"description\":\"Airport Taxis\",\"publisher\":{\"@id\":\"https:\/\/transfertaximalaga.com\/#organization\"},\"potentialAction\":[{\"@type\":\"SearchAction\",\"target\":{\"@type\":\"EntryPoint\",\"urlTemplate\":\"https:\/\/transfertaximalaga.com\/?s={search_term_string}\"},\"query-input\":\"required name=search_term_string\"}],\"inLanguage\":\"es\"},{\"@type\":\"Organization\",\"@id\":\"https:\/\/transfertaximalaga.com\/#organization\",\"name\":\"Transfer Taxi M\u00e1laga\",\"url\":\"https:\/\/transfertaximalaga.com\/\",\"logo\":{\"@type\":\"ImageObject\",\"inLanguage\":\"es\",\"@id\":\"https:\/\/transfertaximalaga.com\/#\/schema\/logo\/image\/\",\"url\":\"https:\/\/transfertaximalaga.com\/wp-content\/uploads\/2020\/03\/Logo-TTM-naranja-sm.png\",\"contentUrl\":\"https:\/\/transfertaximalaga.com\/wp-content\/uploads\/2020\/03\/Logo-TTM-naranja-sm.png\",\"width\":150,\"height\":75,\"caption\":\"Transfer Taxi M\u00e1laga\"},\"image\":{\"@id\":\"https:\/\/transfertaximalaga.com\/#\/schema\/logo\/image\/\"}}]}<\/script>\n<!-- \/ Yoast SEO plugin. -->","yoast_head_json":{"title":"Reserva rapida - Malaga Airport Transfer","robots":{"index":"index","follow":"follow","max-snippet":"max-snippet:-1","max-image-preview":"max-image-preview:large","max-video-preview":"max-video-preview:-1"},"canonical":"https:\/\/transfertaximalaga.com\/es\/reserva-rapida\/","og_locale":"es_ES","og_type":"article","og_title":"Reserva rapida - Malaga Airport Transfer","og_description":"[vc_row full_width=\u00bbstretch_row\u00bb css=\u00bb.vc_custom_1585134044764{padding-top: 50px !important;padding-bottom: 15px !important;background-image: url(https:\/\/transfertaximalaga.com\/wp-content\/uploads\/2020\/03\/transfer-taxi-in-malaga.png?id=13256) !important;background-position: center !important;background-repeat: no-repeat !important;background-size: cover !important;}\u00bb el_id=\u00bbcta-1&#8243;][vc_column][vc_row_inner][vc_column_inner el_class=\u00bbhome_section_3&#8243;][vc_column_text] Reserva r\u00e1pida [\/vc_column_text][\/vc_column_inner][\/vc_row_inner][vc_row_inner][vc_column_inner width=\u00bb1\/3&#8243;][vc_column_text] +34 695 690 100 [\/vc_column_text][\/vc_column_inner][vc_column_inner width=\u00bb1\/3&#8243;][vc_column_text] info@transfertaximalaga.com [\/vc_column_text][\/vc_column_inner][vc_column_inner width=\u00bb1\/3&#8243;][vc_column_text] M\u00e1laga, Spain [\/vc_column_text][\/vc_column_inner][\/vc_row_inner][\/vc_column][\/vc_row][vc_row full_width=\u00bbstretch_row\u00bb css=\u00bb.vc_custom_1585067302253{padding-top: 50px !important;padding-bottom: 15px !important;background: #41a0d8 url(https:\/\/transfertaximalaga.com\/wp-content\/uploads\/2020\/03\/Footer-Bg.png?id=12885) !important;}\u00bb][vc_column][vc_row_inner][vc_column_inner el_class=\u00bbhome_section_3&#8243;][vc_column_text]\u00bfTienes prisa? Haga clic aqu\u00ed y d\u00e9jenos informaci\u00f3n b\u00e1sica sobre su viaje y [&hellip;]","og_url":"https:\/\/transfertaximalaga.com\/es\/reserva-rapida\/","og_site_name":"Malaga Airport Transfer","article_modified_time":"2020-04-20T10:34:24+00:00","twitter_card":"summary_large_image","twitter_misc":{"Tiempo de lectura":"1 minuto"},"schema":{"@context":"https:\/\/schema.org","@graph":[{"@type":"WebPage","@id":"https:\/\/transfertaximalaga.com\/es\/reserva-rapida\/","url":"https:\/\/transfertaximalaga.com\/es\/reserva-rapida\/","name":"Reserva rapida - Malaga Airport Transfer","isPartOf":{"@id":"https:\/\/transfertaximalaga.com\/#website"},"datePublished":"2020-03-31T14:18:44+00:00","dateModified":"2020-04-20T10:34:24+00:00","breadcrumb":{"@id":"https:\/\/transfertaximalaga.com\/es\/reserva-rapida\/#breadcrumb"},"inLanguage":"es","potentialAction":[{"@type":"ReadAction","target":["https:\/\/transfertaximalaga.com\/es\/reserva-rapida\/"]}]},{"@type":"BreadcrumbList","@id":"https:\/\/transfertaximalaga.com\/es\/reserva-rapida\/#breadcrumb","itemListElement":[{"@type":"ListItem","position":1,"name":"Portada","item":"https:\/\/transfertaximalaga.com\/es\/"},{"@type":"ListItem","position":2,"name":"Reserva rapida"}]},{"@type":"WebSite","@id":"https:\/\/transfertaximalaga.com\/#website","url":"https:\/\/transfertaximalaga.com\/","name":"Malaga Airport Transfer","description":"Airport Taxis","publisher":{"@id":"https:\/\/transfertaximalaga.com\/#organization"},"potentialAction":[{"@type":"SearchAction","target":{"@type":"EntryPoint","urlTemplate":"https:\/\/transfertaximalaga.com\/?s={search_term_string}"},"query-input":"required name=search_term_string"}],"inLanguage":"es"},{"@type":"Organization","@id":"https:\/\/transfertaximalaga.com\/#organization","name":"Transfer Taxi M\u00e1laga","url":"https:\/\/transfertaximalaga.com\/","logo":{"@type":"ImageObject","inLanguage":"es","@id":"https:\/\/transfertaximalaga.com\/#\/schema\/logo\/image\/","url":"https:\/\/transfertaximalaga.com\/wp-content\/uploads\/2020\/03\/Logo-TTM-naranja-sm.png","contentUrl":"https:\/\/transfertaximalaga.com\/wp-content\/uploads\/2020\/03\/Logo-TTM-naranja-sm.png","width":150,"height":75,"caption":"Transfer Taxi M\u00e1laga"},"image":{"@id":"https:\/\/transfertaximalaga.com\/#\/schema\/logo\/image\/"}}]}},"_links":{"self":[{"href":"https:\/\/transfertaximalaga.com\/es\/wp-json\/wp\/v2\/pages\/13392"}],"collection":[{"href":"https:\/\/transfertaximalaga.com\/es\/wp-json\/wp\/v2\/pages"}],"about":[{"href":"https:\/\/transfertaximalaga.com\/es\/wp-json\/wp\/v2\/types\/page"}],"author":[{"embeddable":true,"href":"https:\/\/transfertaximalaga.com\/es\/wp-json\/wp\/v2\/users\/1"}],"replies":[{"embeddable":true,"href":"https:\/\/transfertaximalaga.com\/es\/wp-json\/wp\/v2\/comments?post=13392"}],"version-history":[{"count":7,"href":"https:\/\/transfertaximalaga.com\/es\/wp-json\/wp\/v2\/pages\/13392\/revisions"}],"predecessor-version":[{"id":13705,"href":"https:\/\/transfertaximalaga.com\/es\/wp-json\/wp\/v2\/pages\/13392\/revisions\/13705"}],"wp:attachment":[{"href":"https:\/\/transfertaximalaga.com\/es\/wp-json\/wp\/v2\/media?parent=13392"}],"curies":[{"name":"wp","href":"https:\/\/api.w.org\/{rel}","templated":true}]}}